{"id":1234,"date":"2017-11-27T14:36:04","date_gmt":"2017-11-27T14:36:04","guid":{"rendered":"http:\/\/finomlights.com\/?page_id=1234"},"modified":"2019-02-18T19:40:48","modified_gmt":"2019-02-18T19:40:48","slug":"media","status":"publish","type":"page","link":"https:\/\/finomlights.com\/fi\/media\/","title":{"rendered":"Media"},"content":{"rendered":"<h1>Tiedotusv\u00e4lineiden edustajille<\/h1>\n<p>Oletko median edustaja, joka etsii tietoa Finom-valoista? Tarjoamme lis\u00e4\u00e4 tietoa tuotteistamme t\u00e4ll\u00e4 verkkosivustolla ja media-kansiossa. Tekniset tiedot tuotteistamme l\u00f6ytyv\u00e4t <a href=\"https:\/\/finomlights.com\/technical-data\/\">FINOMin teknisist\u00e4 tiedoista<\/a>, jotka sis\u00e4lt\u00e4v\u00e4t tietoa tuotteen osista, materiaaleista ja komponenteista. Media-kansiossa on pieni\u00e4 ja korkeita kuvia 2D- ja 3D-malleissa.<\/p>\n<h2>Mediakansiomme<\/h2>\n<p>Katso <a href=\"https:\/\/www.dropbox.com\/sh\/83cnpk1ua3kvsuy\/AAAgs50lgsiB3GNIlB-9zPi3a?dl=0\">Media-kansiosta<\/a> taustatietoja ja korkearesoluutioisia valokuvia.<\/p>\n","protected":false},"excerpt":{"rendered":"<p>Tiedotusv\u00e4lineiden edustajille Oletko median edustaja, joka etsii tietoa Finom-valoista? Tarjoamme lis\u00e4\u00e4 tietoa tuotteistamme t\u00e4ll\u00e4 verkkosivustolla ja media-kansiossa. Tekniset tiedot tuotteistamme l\u00f6ytyv\u00e4t FINOMin teknisist\u00e4 tiedoista, jotka sis\u00e4lt\u00e4v\u00e4t tietoa tuotteen osista, materiaaleista ja komponenteista. Media-kansiossa on pieni\u00e4 ja korkeita kuvia 2D- ja 3D-malleissa. Mediakansiomme Katso Media-kansiosta taustatietoja ja korkearesoluutioisia valokuvia.<\/p>\n","protected":false},"author":2,"featured_media":0,"parent":0,"menu_order":0,"comment_status":"closed","ping_status":"closed","template":"","meta":{"_mi_skip_tracking":false},"_links":{"self":[{"href":"https:\/\/finomlights.com\/fi\/wp-json\/wp\/v2\/pages\/1234"}],"collection":[{"href":"https:\/\/finomlights.com\/fi\/wp-json\/wp\/v2\/pages"}],"about":[{"href":"https:\/\/finomlights.com\/fi\/wp-json\/wp\/v2\/types\/page"}],"author":[{"embeddable":true,"href":"https:\/\/finomlights.com\/fi\/wp-json\/wp\/v2\/users\/2"}],"replies":[{"embeddable":true,"href":"https:\/\/finomlights.com\/fi\/wp-json\/wp\/v2\/comments?post=1234"}],"version-history":[{"count":9,"href":"https:\/\/finomlights.com\/fi\/wp-json\/wp\/v2\/pages\/1234\/revisions"}],"predecessor-version":[{"id":2147,"href":"https:\/\/finomlights.com\/fi\/wp-json\/wp\/v2\/pages\/1234\/revisions\/2147"}],"wp:attachment":[{"href":"https:\/\/finomlights.com\/fi\/wp-json\/wp\/v2\/media?parent=1234"}],"curies":[{"name":"wp","href":"https:\/\/api.w.org\/{rel}","templated":true}]}}