{"id":1449,"date":"2018-07-22T19:36:14","date_gmt":"2018-07-22T19:36:14","guid":{"rendered":"https:\/\/finomlights.com\/?page_id=1449"},"modified":"2019-03-04T20:55:56","modified_gmt":"2019-03-04T20:55:56","slug":"technical-data","status":"publish","type":"page","link":"https:\/\/finomlights.com\/fi\/technical-data\/","title":{"rendered":"Tekniset tiedot"},"content":{"rendered":"<h2>FINOM design-valaisinten perustiedot<\/h2>\n<ul>\n<li>Varjostimet: ohut koivuvaneri (v\u00e4rein\u00e4 luonnollinen ja musta)<\/li>\n<li>Jalkalamppujen jalat: vahattu saarni ja kromatut ter\u00e4sruuvit<\/li>\n<li>S\u00e4hk\u00f6johdot: kangasp\u00e4\u00e4llysteiset s\u00e4hk\u00f6johdot (valikoima eri v\u00e4rej\u00e4)<\/li>\n<li>Suunnitellut Pure Design Oy ja tuottanut Innoite Oy<\/li>\n<li>Valmistettu Suomessa<\/li>\n<\/ul>\n<h2>Finom valaisimien tuotekortit:<\/h2>\n<p>FINOM tuotekorteista l\u00f6ytyv\u00e4t valaisimien tarkemmat tekniset tiedot, joiden avulla valaisimien k\u00e4ytt\u00f6tarkoitus ja k\u00e4ytt\u00f6kohteet voidaan suunnitella tarkemmin.<\/p>\n<ol>\n<li><a href=\"https:\/\/finomlights.com\/wp-content\/uploads\/2018\/12\/FINOM_tuotekortti_WPX_2018.pdf\">Finom Pendant Wide WPX<\/a><\/li>\n<li><a href=\"https:\/\/finomlights.com\/wp-content\/uploads\/2018\/12\/FINOM_tuotekortti_WFX_2018.pdf\">Finom Floor Wide WFX<\/a><\/li>\n<li><a href=\"https:\/\/finomlights.com\/wp-content\/uploads\/2018\/12\/FINOM_tuotekortti_SPX_2018.pdf\">Finom Pendant Square SPX<\/a><\/li>\n<li><a href=\"https:\/\/finomlights.com\/wp-content\/uploads\/2018\/12\/FINOM_tuotekortti_SFX_2018.pdf\">Finom Floor Square SFX<\/a><\/li>\n<li><a href=\"https:\/\/finomlights.com\/wp-content\/uploads\/2018\/12\/FINOM_tuotekortti_TPM_2018.pdf\">Finom Pendant Tall TPM<\/a><\/li>\n<\/ol>\n<h2>Lis\u00e4tietoa materiaaleista ja polttimoista:<\/h2>\n<p>FINOM k\u00e4ytt\u00e4\u00e4 designvalaisimien varjostimissa PEFC-sertifioitujen valmistajien materiaalia. Puun tuottaja on pieni perheomistuksessa oleva suomalainen puutuoteyhti\u00f6. FINOMin vaneri on eritt\u00e4in ohutta (0,4 mm), ja se koostuu kolmesta turned koivukerroksesta. FINOM valaisinten vaneri on ainutlaatuista, sill\u00e4 sit\u00e4 voidaan valmistaa ainoastaan talvella, hitaasti kasvavasta suomalaisesta koivusta. Lue lis\u00e4\u00e4 PEFC-sertifikaatista <a href=\"#PEFC\">t\u00e4\u00e4lt\u00e4.<\/a><\/p>\n<p>FINOM design-valaisimissa k\u00e4ytet\u00e4\u00e4n ainoastaan LED-polttimoita (Light Emitting Diode), jotka kuuluvat matalan energiakulutuksen luokkiin A++, A+ tai A (Euroopan parlamentin ja neuvoston direktiivi 2010\/30\/EU).\u00a0FINOM valaisinten muotoilu mahdollistaa rauhallisen ja tyylikk\u00e4\u00e4n valaistuksen sivuille sek\u00e4 hyv\u00e4n ty\u00f6skentelyvalaistuksen alasp\u00e4in. T\u00e4st\u00e4 syyst\u00e4 suosittelemme \u201dviile\u00e4\u00e4\u201d valoa, eli 4000 K (kelvin) v\u00e4ril\u00e4mp\u00f6tilaa. Varjostimien l\u00e4pin\u00e4kyvyyden vuoksi suosittelemme sellaisten LED-polttimoiden k\u00e4ytt\u00f6\u00e4, joilla on verrattain korkea valon m\u00e4\u00e4r\u00e4 (lumen-arvo), eli 1050-1520 lm (vastaa 10-13 watin s\u00e4hk\u00f6nkulutusta)<\/p>\n<p>FINOM valaisimissa k\u00e4ytett\u00e4v\u00e4t LED-polttimot ovat tyypillisesti sellaisia, jotka syttyv\u00e4t heti, voidaan sytytt\u00e4\u00e4\/sammuttaa 1 000 000 kertaa ja joiden kestoaika on 25\u00a0000 tuntia.<\/p>\n<p>FINOM valaisinten LED-polttimon kanta on tyyppi\u00e4 E27 (Edison-kierrekanta). My\u00f6s muunlaisia kantoja voidaan toimittaa tarpeen mukaan, aluekohtaisista tarpeista riippuen. FINOM kattovalaisimet toimitetaan yleens\u00e4 rasialiittimell\u00e4 (WAGO) jotta valaisinten kiinnitys olisi nopeaa ja helppoa. FINOM jalkavalaisimet toimitetaan yleens\u00e4 jalkakytkimell\u00e4 (vaihtoehtoisesti himmentimell\u00e4) ja SUKO-tyyppisell\u00e4 (E\/F) pistokkeella varustettuna. My\u00f6s muunlaisia pistokkeita voidaan tarpeen mukaan toimittaa, riippuen maakohtaisista standardeista.<\/p>\n<p>FINOM valaisimet kuuluvat suojausluokkaan I ja IP-luokkaan 20.<\/p>\n<h2><strong>Yhteenveto, FINOM valaisinten tekniset tiedot:<\/strong><\/h2>\n<ul>\n<li>Varjostimateriaalin vaneri tulee PEFC-sertifioidulta valmistajalta<\/li>\n<li>LED-polttimon kanta E27, 220-240 V ja 50 Hz<\/li>\n<li>Energialuokka A++, A+ tai A<\/li>\n<li>V\u00e4ril\u00e4mp\u00f6tila 4000 K (suositus)<\/li>\n<li>Lumen-arvo 1050-1520 lm<\/li>\n<li>RA-indeksi > RA80<\/li>\n<li>Suojausluokka I<\/li>\n<li>IP-luokka IP20<\/li>\n<li>Kattovalaisimissa rasialiitin (WAGO)<\/li>\n<li>Jalkavalaisinten jalkakytkin ja SUKO-pistoke (E\/F)<\/li>\n<\/ul>\n<h2><a id=\"PEFC\"><\/a>PEFC-sertifiointi<\/h2>\n<p>PEFC (Programme for the Endorsement of Forest Certification) on kansainv\u00e4linen mets\u00e4sertifiointij\u00e4rjestelm\u00e4, joka edist\u00e4\u00e4 ekologisesti, sosiaalisesti ja taloudellisesti kest\u00e4v\u00e4\u00e4 mets\u00e4taloutta kaikkialla maailmassa. PEFC-verkostoon kuuluu j\u00e4senorganisaatioista ymp\u00e4ri maailman.<\/p>\n<p>Puun alkuper\u00e4n PEFC-sertifiointi tarjoaa k\u00e4yt\u00e4nn\u00f6t puuraaka-aineen alkuper\u00e4n seuraamiseen ja puutuotteiden toimitusketjujen vastuullisuuden osoittamiseen. Sek\u00e4 mets\u00e4nhoidon ett\u00e4 puun alkuper\u00e4n seurannan vaatimusten toteutumista valvovat sertifiointiyritykset, jotka viranomaiset ovat todenneet riippumattomaksi ja p\u00e4tev\u00e4ksi.<\/p>\n<p>Noin 90 prosenttia Suomen talousk\u00e4yt\u00f6ss\u00e4 olevista metsist\u00e4 on sertifioitu PEFC-j\u00e4rjestelm\u00e4n mukaan. Suomen j\u00e4rjestelm\u00e4 on hyv\u00e4ksytty mukaan kansainv\u00e4liseen PEFC-j\u00e4rjestelm\u00e4\u00e4n vuonna 2000.\u00a0(l\u00e4hde: <a href=\"http:\/\/pefc.fi\">pefc.fi<\/a>)<\/p>\n<h2><\/h2>\n<h2>FINOM LED polttimon ominaisuudet<\/h2>\n<p>Energialuokka<\/p>\n<p>FINOM valaisimissa k\u00e4ytet\u00e4\u00e4n LED-polttimoita, jotka kuuluvat matalan energiakulutuksen luokkaan<strong> A++, A+ tai A<\/strong>. Energiamerkinn\u00e4ss\u00e4 laitteet jaetaan luokkiin A-G, joista A on paras ja G huonoin. Joissain tapauksissa k\u00e4yt\u00f6ss\u00e4 ovat my\u00f6s A-luokkaa paremmat luokat A+, A++ ja A+++. (L\u00e4hde:<a href=\"https:\/\/fi.wikipedia.org\/wiki\/Energiamerkint%C3%A4\"><u> https:\/\/fi.wikipedia.org\/wiki\/Energiamerkint%C3%A4<\/u><\/a>).<\/p>\n<p><em>Huomaa: FINOM valaisimissa saa k\u00e4ytt\u00e4\u00e4 pelk\u00e4st\u00e4\u00e4n LED-polttimoita. Muunlaisia polttimoita valaisimissa ei voi k\u00e4ytt\u00e4\u00e4, koska niiden tuottama l\u00e4mp\u00f6 vanhentaa vaneria!<\/em><\/p>\n<p>&nbsp;<\/p>\n","protected":false},"excerpt":{"rendered":"<p>FINOM design-valaisinten perustiedot Varjostimet: ohut koivuvaneri (v\u00e4rein\u00e4 luonnollinen ja musta) Jalkalamppujen jalat: vahattu saarni ja kromatut ter\u00e4sruuvit S\u00e4hk\u00f6johdot: kangasp\u00e4\u00e4llysteiset s\u00e4hk\u00f6johdot (valikoima eri v\u00e4rej\u00e4) Suunnitellut Pure Design Oy ja tuottanut Innoite Oy Valmistettu Suomessa Finom valaisimien tuotekortit: FINOM tuotekorteista l\u00f6ytyv\u00e4t valaisimien tarkemmat tekniset tiedot, joiden avulla valaisimien k\u00e4ytt\u00f6tarkoitus ja k\u00e4ytt\u00f6kohteet voidaan suunnitella tarkemmin. Finom Pendant Wide [&hellip;]<\/p>\n","protected":false},"author":1,"featured_media":220,"parent":0,"menu_order":0,"comment_status":"closed","ping_status":"closed","template":"","meta":{"_mi_skip_tracking":false},"_links":{"self":[{"href":"https:\/\/finomlights.com\/fi\/wp-json\/wp\/v2\/pages\/1449"}],"collection":[{"href":"https:\/\/finomlights.com\/fi\/wp-json\/wp\/v2\/pages"}],"about":[{"href":"https:\/\/finomlights.com\/fi\/wp-json\/wp\/v2\/types\/page"}],"author":[{"embeddable":true,"href":"https:\/\/finomlights.com\/fi\/wp-json\/wp\/v2\/users\/1"}],"replies":[{"embeddable":true,"href":"https:\/\/finomlights.com\/fi\/wp-json\/wp\/v2\/comments?post=1449"}],"version-history":[{"count":101,"href":"https:\/\/finomlights.com\/fi\/wp-json\/wp\/v2\/pages\/1449\/revisions"}],"predecessor-version":[{"id":2214,"href":"https:\/\/finomlights.com\/fi\/wp-json\/wp\/v2\/pages\/1449\/revisions\/2214"}],"wp:featuredmedia":[{"embeddable":true,"href":"https:\/\/finomlights.com\/fi\/wp-json\/wp\/v2\/media\/220"}],"wp:attachment":[{"href":"https:\/\/finomlights.com\/fi\/wp-json\/wp\/v2\/media?parent=1449"}],"curies":[{"name":"wp","href":"https:\/\/api.w.org\/{rel}","templated":true}]}}