{"id":1530,"date":"2018-07-22T19:37:23","date_gmt":"2018-07-22T19:37:23","guid":{"rendered":"https:\/\/finomlights.com\/?page_id=1530"},"modified":"2019-01-04T11:41:59","modified_gmt":"2019-01-04T11:41:59","slug":"finomstory","status":"publish","type":"page","link":"https:\/\/finomlights.com\/fi\/finomstory\/","title":{"rendered":"Kotimaisten FINOM design-valaisinten tarina"},"content":{"rendered":"<h2>FINOMin luonti<\/h2>\n<h2>Puun opiskelu<\/h2>\n<p>FINOM Lights design-valaisinsarja on per\u00e4isin suunnittelija Esa Vesmasen halusta luoda vertaansa vailla oleva ja mielenkiintoinen valaisin, joka arvostaa puun ominaisuuksia uudella tavalla. Vaikka tavallinen suunnitteluprosessi alkaa piirustuskortista, Esa alkoi opiskella raaka-ainetta itse k\u00e4yt\u00e4nn\u00f6n kokeilujen kautta. Suomalainen koivu tarjoaa kest\u00e4vyytt\u00e4, miellytt\u00e4vyytt\u00e4 ja joustavuutta, jonka ominaisuudet perustuvat ankaraan suomalaiseen talveen ja kes\u00e4ajan y\u00f6tt\u00f6m\u00e4\u00e4n y\u00f6n valoisuuteen.<\/p>\n<h2>Muodon muodostaminen<\/h2>\n<p>Esa loi muodon, joka on samanaikaisesti vilkas, joustava ja edelleen t\u00e4ysin uskollinen puun hienoille ominaisuuksille. Kokeilemalla ja virheiden kautta Esa l\u00f6ysi FINOM-valojen hienon muodon, joka muodostaa l\u00e4mpim\u00e4n, hell\u00e4varaisen valon herk\u00e4ll\u00e4 mutta kest\u00e4v\u00e4ll\u00e4 tavalla.<\/p>\n<h2>Tuotannon aloittaminen<\/h2>\n<p>Jotta t\u00e4m\u00e4 ainutlaatuinen luomus voitaisiin vied\u00e4 maailmalle, Esa aloitti tuotantoyhteisty\u00f6 veljens\u00e4 Jukka Vesmasen kanssa. Vuodesta 2015 l\u00e4htien veljekset ovat valmistaneet FINOM designvalaisimia yhdess\u00e4 ja vieneet niit\u00e4 maailmalle.<\/p>\n<h2>Mukana taitavia puuseppi\u00e4<\/h2>\n<p>FINOM Lights k\u00e4ytt\u00e4\u00e4 k\u00e4sin valittua suomalaista \u200b\u200bkoivua ja taitavia puuseppi\u00e4 luomaan n\u00e4m\u00e4 yksil\u00f6lliset valaisimet vaativimpien asiakkaiden tarpeisiin.<\/p>\n<h2>Ajaton muotoilu<\/h2>\n<p>FINOM-designvalaisimien kautta voit nauttia kauniista, puhtaasta ja ajattomasta suomalaisesta muotoilusta. FINOM-valaisimilla saat kotiisi palan pohjoismaista luontoa.<\/p>\n","protected":false},"excerpt":{"rendered":"<p>FINOMin luonti Puun opiskelu FINOM Lights design-valaisinsarja on per\u00e4isin suunnittelija Esa Vesmasen halusta luoda vertaansa vailla oleva ja mielenkiintoinen valaisin, joka arvostaa puun ominaisuuksia uudella tavalla. Vaikka tavallinen suunnitteluprosessi alkaa piirustuskortista, Esa alkoi opiskella raaka-ainetta itse k\u00e4yt\u00e4nn\u00f6n kokeilujen kautta. Suomalainen koivu tarjoaa kest\u00e4vyytt\u00e4, miellytt\u00e4vyytt\u00e4 ja joustavuutta, jonka ominaisuudet perustuvat ankaraan suomalaiseen talveen ja kes\u00e4ajan y\u00f6tt\u00f6m\u00e4\u00e4n [&hellip;]<\/p>\n","protected":false},"author":1,"featured_media":0,"parent":0,"menu_order":0,"comment_status":"closed","ping_status":"closed","template":"","meta":{"_mi_skip_tracking":false},"_links":{"self":[{"href":"https:\/\/finomlights.com\/fi\/wp-json\/wp\/v2\/pages\/1530"}],"collection":[{"href":"https:\/\/finomlights.com\/fi\/wp-json\/wp\/v2\/pages"}],"about":[{"href":"https:\/\/finomlights.com\/fi\/wp-json\/wp\/v2\/types\/page"}],"author":[{"embeddable":true,"href":"https:\/\/finomlights.com\/fi\/wp-json\/wp\/v2\/users\/1"}],"replies":[{"embeddable":true,"href":"https:\/\/finomlights.com\/fi\/wp-json\/wp\/v2\/comments?post=1530"}],"version-history":[{"count":30,"href":"https:\/\/finomlights.com\/fi\/wp-json\/wp\/v2\/pages\/1530\/revisions"}],"predecessor-version":[{"id":2079,"href":"https:\/\/finomlights.com\/fi\/wp-json\/wp\/v2\/pages\/1530\/revisions\/2079"}],"wp:attachment":[{"href":"https:\/\/finomlights.com\/fi\/wp-json\/wp\/v2\/media?parent=1530"}],"curies":[{"name":"wp","href":"https:\/\/api.w.org\/{rel}","templated":true}]}}