{"id":1538,"date":"2018-07-22T19:35:36","date_gmt":"2018-07-22T19:35:36","guid":{"rendered":"https:\/\/finomlights.com\/?page_id=1538"},"modified":"2019-09-07T18:21:20","modified_gmt":"2019-09-07T18:21:20","slug":"ourteam","status":"publish","type":"page","link":"https:\/\/finomlights.com\/fi\/ourteam\/","title":{"rendered":"Suunnittelu- ja tuotantotiimimme, keit\u00e4 me olemme"},"content":{"rendered":"<h2><strong>FINOM Lights tiimi<\/strong><\/h2>\n<p>FINOM Lights asian edist\u00e4minen ja tuottaminen edellytt\u00e4\u00e4 hyv\u00e4\u00e4 tiimi\u00e4. Olemme iloisia siit\u00e4, ett\u00e4 yhteisty\u00f6kumppanit, yst\u00e4v\u00e4t ja perheemme tukevat meit\u00e4 t\u00e4ss\u00e4 suurit\u00f6isess\u00e4 teht\u00e4v\u00e4ss\u00e4. Luotamme hiljattain perustettuun v\u00e4hitt\u00e4ismyyntiverkostoomme, edustajiimme ja kuluttajiimme, jotka ovat osoittaneet suurta kiinnostusta meihin ja jotka ovat sitoutuneita FINOM Lights -tuotteisiinmme (kts.\u00a0<a href=\"https:\/\/finomlights.com\/jalleenmyyjat\/\">FINOM j\u00e4lleenmyyj\u00e4t ja edustajat<\/a>). Taustalla ty\u00f6skentelemme pvarsin pienen ydinryhm\u00e4n kanssa, jonka haluaisimme t\u00e4ss\u00e4 esitell\u00e4. Mik\u00e4li sinulla on kysytt\u00e4v\u00e4\u00e4 tai tiedusteltavaa, ole rohkeasti yhteydess\u00e4 meihin.<br \/>\n<a id=\"EsaFI\"><\/a><br \/>\n<code>\u00a0<\/code><\/p>\n<h2><strong>Esa Vesmanen<\/strong><\/h2>\n<p><img decoding=\"async\" loading=\"lazy\" class=\"alignright wp-image-1543\" src=\"https:\/\/finomlights.com\/wp-content\/uploads\/2018\/07\/PureDesignEsaVesmanen250px2-235x300.jpg\" alt=\"\" width=\"196\" height=\"250\" srcset=\"https:\/\/finomlights.com\/wp-content\/uploads\/2018\/07\/PureDesignEsaVesmanen250px2-235x300.jpg 235w, https:\/\/finomlights.com\/wp-content\/uploads\/2018\/07\/PureDesignEsaVesmanen250px2-118x150.jpg 118w, https:\/\/finomlights.com\/wp-content\/uploads\/2018\/07\/PureDesignEsaVesmanen250px2.jpg 250w\" sizes=\"(max-width: 196px) 100vw, 196px\" \/>Sisustusarkkitehti SIO, Master of Arts<\/p>\n<p>Pure Design Oy:n omistaja (<a href=\"http:\/\/www.puredesign.fi\"><strong>www.puredesign.fi<\/strong><\/a>) ja FINOM Lights muotoilija ja suunnittelija<\/p>\n<p>Arvostettu, palkittu ja eritt\u00e4in ammattitaitoinen sisustusrakkitehti, jolla on laaja maailmanlaajuinen yhteysverkosto. H\u00e4n on ty\u00f6skennellyt useaan otteeseen Suomessa, Ranskassa, Italiassa ja Yhdysvalloissa. H\u00e4n on aina kiinnostunut kokeilemalla uusia materiaaleja ja luomaan niist\u00e4 uusia ideoita eri k\u00e4ytt\u00f6tarkoitukseen. Esa on l\u00e4mminhenkinen herrasmies, jonka kanssa on ilo ty\u00f6skennell\u00e4.<\/p>\n<p>Esa vastaa FINOMin tuotekehityksest\u00e4 ja tuotannosta, ja osallistuu my\u00f6s markkinointiin ja myyntiin.<\/p>\n<p>Voit tavoittaa Esan s\u00e4hk\u00f6postitse esa(at)puredesign.fi tai esa.vesmanen(at)finomlights.com<\/p>\n<p><a id=\"JukkaFI\"><\/a><br \/>\n<code>\u00a0<\/code><\/p>\n<h2><strong>Jukka Vesmanen<\/strong><\/h2>\n<p><img decoding=\"async\" loading=\"lazy\" class=\"alignright wp-image-1558\" src=\"https:\/\/finomlights.com\/wp-content\/uploads\/2018\/07\/Jukka_Vesmanen_finom05-238x300.jpg\" alt=\"\" width=\"198\" height=\"250\" srcset=\"https:\/\/finomlights.com\/wp-content\/uploads\/2018\/07\/Jukka_Vesmanen_finom05-238x300.jpg 238w, https:\/\/finomlights.com\/wp-content\/uploads\/2018\/07\/Jukka_Vesmanen_finom05-119x150.jpg 119w, https:\/\/finomlights.com\/wp-content\/uploads\/2018\/07\/Jukka_Vesmanen_finom05-250x315.jpg 250w, https:\/\/finomlights.com\/wp-content\/uploads\/2018\/07\/Jukka_Vesmanen_finom05-400x504.jpg 400w, https:\/\/finomlights.com\/wp-content\/uploads\/2018\/07\/Jukka_Vesmanen_finom05.jpg 528w\" sizes=\"(max-width: 198px) 100vw, 198px\" \/>Diplomi-insin\u00f6\u00f6ri (MSc) Tietotekniikka ja taloustiede, Kone- ja automaatioinsi\u00f6\u00f6ri (BSc)<\/p>\n<p>Innoite Oy:n omistaja (www.innoite.com) ja FINOM Lightsin tuottaja<\/p>\n<p>Eritt\u00e4in arvostettu ja tehokas liikkeenjohdonkonsultti, jolla on eritt\u00e4in laaja yhteisty\u00f6verkosto. H\u00e4n on ty\u00f6skennellyt Suomessa, Saksassa, Belgiassa ja Ruotsissa useiden vuosien ajan. H\u00e4nt\u00e4 kiinnostavat uudet teknologiat ja laitteet, sek\u00e4 uusien ratkaisujen ja sovelluksien kehitt\u00e4minen. Jukka on hyvin organisoitu ja tehokas muutosjohtaja, joka toimittaa, mit\u00e4 on luvannut tai sovittu.<\/p>\n<p>Jukka vastaa FINOMin tuotannosta ja myynnist\u00e4, ja osallistuu my\u00f6s tuotekehitykseen ja markkinointiin.<\/p>\n<p>Voit tavoittaa Jukan s\u00e4hk\u00f6postitse jukka.vesmanen(at)innoite.com tai jukka.vesmanen(at)finomlights.com<\/p>\n<p><a id=\"CamillaFI\"><\/a><br \/>\n<code>\u00a0<\/code><\/p>\n<h2><strong>Camilla Magnusson<\/strong><\/h2>\n<p><img decoding=\"async\" loading=\"lazy\" class=\"alignright wp-image-1547\" src=\"https:\/\/finomlights.com\/wp-content\/uploads\/2018\/07\/Camilla_finom02-245x300.jpg\" alt=\"\" width=\"204\" height=\"250\" srcset=\"https:\/\/finomlights.com\/wp-content\/uploads\/2018\/07\/Camilla_finom02-245x300.jpg 245w, https:\/\/finomlights.com\/wp-content\/uploads\/2018\/07\/Camilla_finom02-122x150.jpg 122w, https:\/\/finomlights.com\/wp-content\/uploads\/2018\/07\/Camilla_finom02-250x306.jpg 250w, https:\/\/finomlights.com\/wp-content\/uploads\/2018\/07\/Camilla_finom02-400x490.jpg 400w, https:\/\/finomlights.com\/wp-content\/uploads\/2018\/07\/Camilla_finom02.jpg 781w\" sizes=\"(max-width: 204px) 100vw, 204px\" \/><\/p>\n<p>Filosofian tohtori (Ph.D.) strategisessa johtamisessa<\/p>\n<p>Instanssi Oy:n omistaja (www.instanssi.fi) ja FINOM Lightsin markkinointip\u00e4\u00e4llikk\u00f6<\/p>\n<p>Eritt\u00e4in asiantunteva ja nerokas liiketoimintakonsultti, jolla on erityistaitoja analysoinnissa ja tiedonhankinnassa. Ty\u00f6skentelee Suomen kautta kansainv\u00e4lisill\u00e4 markkinoilla pit\u00e4en yhteyksia asiakkaisiin ja toimitusprojekteihin. H\u00e4n parantaa ja kehitt\u00e4\u00e4 jatkuvasti uusiin teknologioihin perustuvia menetelmi\u00e4 ja prosesseja. Camilla on \u00e4\u00e4rimm\u00e4isen tarkka ja vastuullinen nainen, jolla on velhomaista tiet\u00e4myst\u00e4 l\u00e4hes kaikesta.<\/p>\n<p>Camilla vastaa FINOM-markkinoinnista ja asiakassuhteiden hallinnasta, ja osallistuu my\u00f6s myyntiin ja logistiikkaan.<\/p>\n<p>Voit tavoittaa Camillan s\u00e4hk\u00f6postilla camilla.magnusson(at)instanssi.fi tai camilla.magnusson(at)finomlights.comlights.com<\/p>\n<p><code>\u00a0<\/code><\/p>\n<p><strong><em>Jos et ole varma, keneen meist\u00e4 ottaisit yhteytt\u00e4, voit tavoittaa meid\u00e4t kaikki yht\u00e4aikaa k\u00e4ytt\u00e4m\u00e4ll\u00e4 s\u00e4hk\u00f6postiosoitetta info (at) finomlights.com.<\/em><\/strong><\/p>\n","protected":false},"excerpt":{"rendered":"<p>FINOM Lights tiimi FINOM Lights asian edist\u00e4minen ja tuottaminen edellytt\u00e4\u00e4 hyv\u00e4\u00e4 tiimi\u00e4. Olemme iloisia siit\u00e4, ett\u00e4 yhteisty\u00f6kumppanit, yst\u00e4v\u00e4t ja perheemme tukevat meit\u00e4 t\u00e4ss\u00e4 suurit\u00f6isess\u00e4 teht\u00e4v\u00e4ss\u00e4. Luotamme hiljattain perustettuun v\u00e4hitt\u00e4ismyyntiverkostoomme, edustajiimme ja kuluttajiimme, jotka ovat osoittaneet suurta kiinnostusta meihin ja jotka ovat sitoutuneita FINOM Lights -tuotteisiinmme (kts.\u00a0FINOM j\u00e4lleenmyyj\u00e4t ja edustajat). Taustalla ty\u00f6skentelemme pvarsin pienen ydinryhm\u00e4n kanssa, [&hellip;]<\/p>\n","protected":false},"author":1,"featured_media":170,"parent":0,"menu_order":0,"comment_status":"closed","ping_status":"closed","template":"","meta":{"_mi_skip_tracking":false},"_links":{"self":[{"href":"https:\/\/finomlights.com\/fi\/wp-json\/wp\/v2\/pages\/1538"}],"collection":[{"href":"https:\/\/finomlights.com\/fi\/wp-json\/wp\/v2\/pages"}],"about":[{"href":"https:\/\/finomlights.com\/fi\/wp-json\/wp\/v2\/types\/page"}],"author":[{"embeddable":true,"href":"https:\/\/finomlights.com\/fi\/wp-json\/wp\/v2\/users\/1"}],"replies":[{"embeddable":true,"href":"https:\/\/finomlights.com\/fi\/wp-json\/wp\/v2\/comments?post=1538"}],"version-history":[{"count":45,"href":"https:\/\/finomlights.com\/fi\/wp-json\/wp\/v2\/pages\/1538\/revisions"}],"predecessor-version":[{"id":2320,"href":"https:\/\/finomlights.com\/fi\/wp-json\/wp\/v2\/pages\/1538\/revisions\/2320"}],"wp:featuredmedia":[{"embeddable":true,"href":"https:\/\/finomlights.com\/fi\/wp-json\/wp\/v2\/media\/170"}],"wp:attachment":[{"href":"https:\/\/finomlights.com\/fi\/wp-json\/wp\/v2\/media?parent=1538"}],"curies":[{"name":"wp","href":"https:\/\/api.w.org\/{rel}","templated":true}]}}