{"id":1604,"date":"2018-07-22T19:38:09","date_gmt":"2018-07-22T19:38:09","guid":{"rendered":"https:\/\/finomlights.com\/?page_id=1604"},"modified":"2018-12-27T20:34:24","modified_gmt":"2018-12-27T20:34:24","slug":"installations","status":"publish","type":"page","link":"https:\/\/finomlights.com\/fi\/installations\/","title":{"rendered":"FINOM asennusohjeet"},"content":{"rendered":"<p><a id=\"instructions\"><\/a><br \/>\n<a id=\"pendantinstructions\"><\/a><\/p>\n<h2>Asennusohjeet<\/h2>\n<p><code>\u00a0<\/code><\/p>\n<h2>Kattovalaisimen asennus<\/h2>\n<p>N\u00e4m\u00e4 kokoamisohjeet koskevat kaikkia kattovalaisinmalleja, kuten Square Pendant Small (SPS), Square Pendant Large (SPL), Wide Pendant Small (WPS), Wide Pendant Large (WLP) ja Tall Pendant Medium (TPM). Toimitettavan valaisinpaketin sis\u00e4lt\u00f6 on seuraava:<\/p>\n<ul>\n<li>1 x lampun varjostin (osa C)<\/li>\n<li>1 x puinen varjostimen sis\u00e4osa (osa A)<\/li>\n<li>1 x polttimo<\/li>\n<li>1 x lampunpidin ja johto (pituus 2 metri\u00e4)<\/li>\n<li>1 x lukitusrengas (osa B)<\/li>\n<\/ul>\n<h3>Ohjeet kattovalaisimen asentamiseksi<\/h3>\n<ol>\n<li>Poista osat varovasti pakkauksesta ja tarkista, ett\u00e4 olet vastaanottanut kaikki yll\u00e4 mainitut komponentit. Jos tuotteesi ei ole kunnossa tai se on rikkoutunut kuljetuksen aikana, tarkista ohjeet <a href=\"https:\/\/finomlights.com\/wp-content\/uploads\/2018\/07\/UponFINOMdeliveryStatement-210718.pdf\"><strong>t\u00e4st\u00e4<\/strong><\/a>.<\/li>\n<li>Lue ja tutustu erilliseen\u00a0<a href=\"https:\/\/finomlights.com\/wp-content\/uploads\/2018\/08\/2018_new_Assembling_instructions_FI_v03.pdf\"><strong>ohjeeseen<\/strong><\/a> (ensimm\u00e4inen osa kattovalaisimille) ennen komponenttien asennuksen aloittamista. Ennen asennusta sinun kannattaa katsoa FINOM-valaisimen kokoonpanon videot osoitteesta: <a href=\"http:\/\/finomlights.com\/video\/\">finomlights.com\/video\/<\/a><\/li>\n<li>Levit\u00e4 puusta valmistettu varjostimen sis\u00e4osa (osa A kattovalaisimien ohjeiden mukaan) kuvan 1 mukaisesti ja aseta se huolellisesti lampun pidikkeen ymp\u00e4rille. Kierr\u00e4 lukitusrengasta (osa B vastaavissa ohjeissa) niin, ett\u00e4 se lukitsee puisen varjostimen sis\u00e4osan lampun pidikkeeseen.<\/li>\n<li>Lis\u00e4\u00e4 LED-lamppu lampun pidikkeeseen.<\/li>\n<li>Levit\u00e4 varsinaista varjostinosaa (osa C vastaavissa ohjeissa) keskelt\u00e4 niin, ett\u00e4 pystyt asettamaan edell\u00e4 valmistetun varjostimen sis\u00e4osan (puinen sis\u00e4osa, lampun pidike ja lamppu) varjostinosan sivuilla oleviin reikiin.<br \/>\n<code>\u00a0<\/code><br \/>\n<strong>(HUOM: varmista, ett\u00e4 sis\u00e4osan p\u00e4\u00e4t menev\u00e4t kunnolla varjostimessa oleviin reikiin).<\/strong><br \/>\n<code>\u00a0<\/code><br \/>\n<strong> (HUOM: mik\u00e4li t\u00e4m\u00e4 tuntuu vaikealta, pyyd\u00e4 apua toiselta henkil\u00f6lt\u00e4. Toinen pit\u00e4\u00e4 varjostinta auki ja toinen asettaa sis\u00e4osan paikalleen).<br \/>\n<code>\u00a0<\/code><br \/>\n<\/strong><\/li>\n<li>Kun varjostin on saatu kiinnitetty\u00e4 sis\u00e4osaan, varjostimen p\u00e4\u00e4dyt ovat mahdollisesti auki (katso kuva 2) ja ne tulee painaa yhteen. Tee seuraavasti: paina kevyesti molemmin k\u00e4sin varjostimen pystysuoraa ja auki olevaa reunaa niin, ett\u00e4 sivut menev\u00e4t kiinni toisiinsa. Tee t\u00e4m\u00e4 molemmille pystysuorille sivuille. FINOM-lampun varjostin antaa &#8220;pop&#8221; -\u00e4\u00e4nen, kun levyt painetaan yhteen. \u00c4\u00e4ni on t\u00e4ysin normaali, eik\u00e4 varjostin rikkoudu yhteen painamisesta (kuva 3).<\/li>\n<li>Kiinnit\u00e4 valo kattokoukkuun johdossa olevan ripustimen avulla. Pyyd\u00e4 s\u00e4hk\u00f6asentajaa kiinnitt\u00e4m\u00e4\u00e4n Wago-tyyppiset johdinliittimet kattojohtoihin tai k\u00e4yt\u00e4 erillist\u00e4 kattos\u00e4hk\u00f6pistoketta (lis\u00e4varuste).<strong><br \/>\n<code>\u00a0<\/code><br \/>\n(HUOM: on t\u00e4rke\u00e4\u00e4, ett\u00e4 valaisimen johtov\u00e4rit vastaavat kattoliittimen johtojen v\u00e4rej\u00e4 (yleens\u00e4 ruskea, musta tai sininen ja keltavihre\u00e4).<br \/>\n<code>\u00a0<\/code><br \/>\n<\/strong><\/li>\n<li>Tarkista, ett\u00e4 valaisimen korkeus on sopiva ja s\u00e4\u00e4d\u00e4 korkeutta tarvittaessa. Kun korkeus on sopiva nosta \u00a0kattokuuppa johdon ja pistokkeen suojaksi (kuva 4).<\/li>\n<li>Tarkista, ett\u00e4 kaikki on kunnossa: varjostin, sis\u00e4osa, lampun pidike, kiristysrengas, lamppu ja johto. Tarkistuksen j\u00e4lkeen valaisin on k\u00e4ytt\u00f6valmis!<\/li>\n<\/ol>\n<p><code>\u00a0<\/code><\/p>\n<p><img decoding=\"async\" loading=\"lazy\" class=\"aligncenter wp-image-1519 size-large\" src=\"https:\/\/finomlights.com\/wp-content\/uploads\/2018\/07\/Pendant-assemply-1024x377.png\" alt=\"\" width=\"640\" height=\"236\" srcset=\"https:\/\/finomlights.com\/wp-content\/uploads\/2018\/07\/Pendant-assemply-1024x377.png 1024w, https:\/\/finomlights.com\/wp-content\/uploads\/2018\/07\/Pendant-assemply-150x55.png 150w, https:\/\/finomlights.com\/wp-content\/uploads\/2018\/07\/Pendant-assemply-300x110.png 300w, https:\/\/finomlights.com\/wp-content\/uploads\/2018\/07\/Pendant-assemply-1600x589.png 1600w, https:\/\/finomlights.com\/wp-content\/uploads\/2018\/07\/Pendant-assemply-250x92.png 250w, https:\/\/finomlights.com\/wp-content\/uploads\/2018\/07\/Pendant-assemply-400x147.png 400w, https:\/\/finomlights.com\/wp-content\/uploads\/2018\/07\/Pendant-assemply.png 1901w\" sizes=\"(max-width: 640px) 100vw, 640px\" \/><\/p>\n<p>Ennen asennusta sinun kannattaa katsoa FINOM-valaisimen kokoonpanon videot osoitteesta:\u00a0<a href=\"http:\/\/finomlights.com\/video\/\"><strong>finomlights.com\/video\/<\/strong><\/a><br \/>\n<a id=\"floorinstructions\"><\/a><br \/>\n<code>\u00a0<\/code><\/p>\n<h2><strong>Jalkavalaisimen asennus<\/strong><\/h2>\n<p>N\u00e4m\u00e4 kokoamisohjeet koskevat kaikkia jalkavalaisin malleja, kuten Square Floor Small (SFS), Square Floor Large (SFL), Wide Floor Small (WFS) ja Wide Floor Large (WFL). Toimitettavan valaisinpaketin sis\u00e4lt\u00f6 on seuraava:<\/p>\n<ul>\n<li>1 x lampun varjostin (osa J)<\/li>\n<li>1 x puinen varjostimen sis\u00e4osa (osa C)<\/li>\n<li>1 x polttimo (osa E)<\/li>\n<li>1 x lampun pidike ja johto (pituus 4,5 metri\u00e4) jalkakytkimell\u00e4 (osa A)<\/li>\n<li>2 x kiinnitysruuveja (4 osaa, 2 osaa\/ruuvi, osa D)<\/li>\n<li>1 x lukitusrengas (osa B)<\/li>\n<li>1 x puinen levitystappi (osa F)<\/li>\n<li>1 x puinen lukitustappi (naulan muotoinen, osa G)<\/li>\n<li>3 x puiset jalat (osat H (erillinen jalka) ja osa I (yhdistetyt jalat))<\/li>\n<\/ul>\n<p><code>\u00a0<\/code><\/p>\n<h3>Ohjeet jalkavalaisimen asentamiseksi<\/h3>\n<ol>\n<li>Poista osat varovasti pakkauksesta ja tarkista, ett\u00e4 olet vastaanottanut kaikki yll\u00e4 mainitut komponentit. Jos tuotteesi ei ole kunnossa tai se on rikkoutunut kuljetuksen aikana, tarkista ohjeet <a href=\"https:\/\/finomlights.com\/wp-content\/uploads\/2018\/07\/UponFINOMdeliveryStatement-210718.pdf\"><strong>t\u00e4st\u00e4<\/strong><\/a>.<\/li>\n<li>Lue ja tutustu erilliseen\u00a0<a href=\"https:\/\/finomlights.com\/wp-content\/uploads\/2018\/08\/2018_new_Assembling_instructions_FI_v03.pdf\"><strong>ohjeeseen<\/strong><\/a> (toinen osa lattiavalaisimille) ennen komponenttien asennuksen aloittamista. Ennen asennusta sinun kannattaa katsoa FINOM-valaisimen kokoonpanon videot osoitteesta: <a href=\"http:\/\/finomlights.com\/video\/\">finomlights.com\/video\/<\/a><\/li>\n<li>Levit\u00e4 puusta valmistettu varjostimen sis\u00e4osa (osa C lattiavalaisimien ohjeiden mukaan) kuvan mukaisesti ja aseta se huolellisesti lampun pidikkeen ymp\u00e4rille (osa A vastaavissa ohjeissa). Kierr\u00e4 lukitusrengasta (osa B vastaavissa ohjeissa) niin, ett\u00e4 se lukitsee puisen varjostimen sis\u00e4osan lampun pidikkeeseen.<\/li>\n<li>Ota ruuvit (2kpl eli 4 osaa, osat D) pakkauksesta ja kiinnit\u00e4 ne puisen varjostimen sis\u00e4osan reikien l\u00e4pi (kts. kuva 2, valaisimen jalat kiinnitet\u00e4\u00e4n sis\u00e4osaan n\u00e4it\u00e4 k\u00e4ytt\u00e4en).<\/li>\n<li>Lis\u00e4\u00e4 LED-lamppu lampun pidikkeeseen (kuva 2).<\/li>\n<li>Kiinnit\u00e4 levitystappi (osa F) erilliseen jalkaan (osa H) kuvan 4 mukaisesti. Lukitse levitystappi paikalleen ja asettamalla lukitustappi (osa G) sek\u00e4 jalan ett\u00e4 pistokkeen l\u00e4pi.<\/li>\n<li>Levit\u00e4 yhdistetyt jalat (osa I) auki varovasti kuvan 5 mukaisesti. Jalkojen sis\u00e4pinnassa (osa I) on urat, jossa erilliseen jalkaan (osa H) asennetun levitystapin saa liukumaan paikalleen. Tee seuraavasti: liu&#8217;uta osa H (erillinen jalkaosa) yl\u00f6sp\u00e4in pitkin osan I:n uria kunnes levitystappi napsahtaa oikealle paikalleen (urien p\u00e4\u00e4ss\u00e4 oleviin syvennyksiin).<strong><br \/>\n<code>\u00a0<\/code><br \/>\n(HUOM: tietty m\u00e4\u00e4r\u00e4 voimaa on tarpeen osan H nostamiseksi paikalleen urien p\u00e4\u00e4ss\u00e4 oleviin syvennyksiin, jalkojen turhaa levitt\u00e4mist\u00e4 tulee v\u00e4ltt\u00e4\u00e4).<br \/>\n<code>\u00a0<\/code><br \/>\n<\/strong>Kokonaisuus muodostaa nyt kolmijalan ja jalustan, joka on valmis lampun sis\u00e4osien ja johdon kiinnitt\u00e4miselle.<code>\u00a0<\/code><br \/>\n<code>\u00a0<\/code><br \/>\n<strong>(HUOM: Ole varovainen, pid\u00e4 kolmijalasta kiinni ettei se kaadu, pyyd\u00e4 tarvittaessa apua toiselta henkil\u00f6lt\u00e4).<br \/>\n<code>\u00a0<\/code><br \/>\n<\/strong><\/li>\n<li>Seuraavaksi kiinnitet\u00e4\u00e4n varjostimen sis\u00e4osa kolmijalan yl\u00e4p\u00e4\u00e4ss\u00e4 oleviin uriin (sis\u00e4osa koottiin aiemmin vaiheissa 3-5). Aseta varjostimen sis\u00e4osa siten ett\u00e4 se kulkee jaloissa olevien urien sis\u00e4\u00e4n ja ruuvit menev\u00e4t molemmilta puolilta niille tarkoitettujen urien pohjaan (kuva 6).<br \/>\n<code>\u00a0<\/code><br \/>\n<strong>(HUOM: on eritt\u00e4in t\u00e4rke\u00e4\u00e4 kirist\u00e4\u00e4 ruuvit asennuksen j\u00e4lkeen niin, ett\u00e4 varjostimen sis\u00e4osa ei putoa tai irtoa urista, jos valaisinta liikutetaan!).<br \/>\n<code>\u00a0<\/code><br \/>\n<\/strong><\/li>\n<li>Levit\u00e4 varsinaista varjostinosaa (osa J vastaavissa ohjeissa) keskelt\u00e4 niin, ett\u00e4 pystyt asettamaan sen kolmijalan p\u00e4\u00e4lle siten ett\u00e4 sis\u00e4osan p\u00e4\u00e4t menev\u00e4t varjostinosan sivuilla oleviin reikiin.<br \/>\n<code>\u00a0<\/code><br \/>\n<strong>(HUOM: varmista, ett\u00e4 sis\u00e4osan p\u00e4\u00e4t menev\u00e4t kunnolla varjostimessa oleviin reikiin, niin ett\u00e4 varjostin ei irtoa!).<\/strong><br \/>\n<code>\u00a0<\/code><br \/>\n<strong> (HUOM: mik\u00e4li t\u00e4m\u00e4 tuntuu vaikealta, pyyd\u00e4 apua toiselta henkil\u00f6lt\u00e4. Toinen pit\u00e4\u00e4 varjostinta auki ja toinen asettaa sis\u00e4osan p\u00e4\u00e4t paikalleen varjostimen sivuilla oleviin reikiin).<br \/>\n<code>\u00a0<\/code><br \/>\n<\/strong><\/li>\n<li>Kun varjostin on saatu kiinnitetty\u00e4 sis\u00e4osaan, varjostimen p\u00e4\u00e4dyt ovat mahdollisesti auki (katso kuva 7) ja ne tulee painaa yhteen. Tee seuraavasti: paina kevyesti molemmin k\u00e4sin varjostimen pystysuoraa ja auki olevaa reunaa niin, ett\u00e4 sivut menev\u00e4t kiinni toisiinsa. Tee t\u00e4m\u00e4 molemmille pystysuorille sivuille. FINOM-lampun varjostin antaa &#8220;pop&#8221; -\u00e4\u00e4nen, kun levyt painetaan yhteen. \u00c4\u00e4ni on t\u00e4ysin normaali, eik\u00e4 varjostin rikkoudu yhteen painamisesta (kuva 8).<\/li>\n<li>Tarkista, ett\u00e4 kaikki on kunnossa: jalat, varjostin, sis\u00e4osa, lampun pidike, kiristysrengas, lamppu ja johto. Tarkistuksen j\u00e4lkeen valaisin on k\u00e4ytt\u00f6valmis!<\/li>\n<\/ol>\n<p><code>\u00a0<\/code><\/p>\n<p><img decoding=\"async\" loading=\"lazy\" class=\"aligncenter wp-image-1522\" src=\"https:\/\/finomlights.com\/wp-content\/uploads\/2018\/07\/FINOM-Floor-assembly02-1024x307.png\" alt=\"\" width=\"1169\" height=\"350\" srcset=\"https:\/\/finomlights.com\/wp-content\/uploads\/2018\/07\/FINOM-Floor-assembly02-1024x307.png 1024w, https:\/\/finomlights.com\/wp-content\/uploads\/2018\/07\/FINOM-Floor-assembly02-150x45.png 150w, https:\/\/finomlights.com\/wp-content\/uploads\/2018\/07\/FINOM-Floor-assembly02-300x90.png 300w, https:\/\/finomlights.com\/wp-content\/uploads\/2018\/07\/FINOM-Floor-assembly02-1600x479.png 1600w, https:\/\/finomlights.com\/wp-content\/uploads\/2018\/07\/FINOM-Floor-assembly02-250x75.png 250w, https:\/\/finomlights.com\/wp-content\/uploads\/2018\/07\/FINOM-Floor-assembly02-400x120.png 400w\" sizes=\"(max-width: 1169px) 100vw, 1169px\" \/><\/p>\n<p>Ennen asennusta sinun kannattaa katsoa FINOM-valaisimen kokoonpanon videot osoitteesta:\u00a0<a href=\"http:\/\/finomlights.com\/video\/\"><strong>finomlights.com\/video\/<\/strong><\/a><\/p>\n<p><code>\u00a0<\/code><\/p>\n","protected":false},"excerpt":{"rendered":"<p>Asennusohjeet \u00a0 Kattovalaisimen asennus N\u00e4m\u00e4 kokoamisohjeet koskevat kaikkia kattovalaisinmalleja, kuten Square Pendant Small (SPS), Square Pendant Large (SPL), Wide Pendant Small (WPS), Wide Pendant Large (WLP) ja Tall Pendant Medium (TPM). Toimitettavan valaisinpaketin sis\u00e4lt\u00f6 on seuraava: 1 x lampun varjostin (osa C) 1 x puinen varjostimen sis\u00e4osa (osa A) 1 x polttimo 1 x lampunpidin [&hellip;]<\/p>\n","protected":false},"author":1,"featured_media":134,"parent":0,"menu_order":0,"comment_status":"closed","ping_status":"closed","template":"","meta":{"_mi_skip_tracking":false},"_links":{"self":[{"href":"https:\/\/finomlights.com\/fi\/wp-json\/wp\/v2\/pages\/1604"}],"collection":[{"href":"https:\/\/finomlights.com\/fi\/wp-json\/wp\/v2\/pages"}],"about":[{"href":"https:\/\/finomlights.com\/fi\/wp-json\/wp\/v2\/types\/page"}],"author":[{"embeddable":true,"href":"https:\/\/finomlights.com\/fi\/wp-json\/wp\/v2\/users\/1"}],"replies":[{"embeddable":true,"href":"https:\/\/finomlights.com\/fi\/wp-json\/wp\/v2\/comments?post=1604"}],"version-history":[{"count":33,"href":"https:\/\/finomlights.com\/fi\/wp-json\/wp\/v2\/pages\/1604\/revisions"}],"predecessor-version":[{"id":2004,"href":"https:\/\/finomlights.com\/fi\/wp-json\/wp\/v2\/pages\/1604\/revisions\/2004"}],"wp:featuredmedia":[{"embeddable":true,"href":"https:\/\/finomlights.com\/fi\/wp-json\/wp\/v2\/media\/134"}],"wp:attachment":[{"href":"https:\/\/finomlights.com\/fi\/wp-json\/wp\/v2\/media?parent=1604"}],"curies":[{"name":"wp","href":"https:\/\/api.w.org\/{rel}","templated":true}]}}