{"id":259,"date":"2016-04-04T11:45:29","date_gmt":"2016-04-04T11:45:29","guid":{"rendered":"http:\/\/finomlights.com\/?page_id=259"},"modified":"2018-12-27T20:45:43","modified_gmt":"2018-12-27T20:45:43","slug":"yhteystiedot","status":"publish","type":"page","link":"https:\/\/finomlights.com\/fi\/yhteystiedot\/","title":{"rendered":"Yhteystietomme ja miten tavoitat meid\u00e4t"},"content":{"rendered":"<h2>Tarvitsetko lis\u00e4tietoja?<\/h2>\n<p>Annamme mielell\u00e4mme lis\u00e4tietoja FINOM-valaisimesta. Mik\u00e4li haluat keskustella valaisimen sopivuudesta k\u00e4ytt\u00f6tarkoitukseesi julki- tai yksityisk\u00e4yt\u00f6ss\u00e4 tai siit\u00e4 miten se sopii kohteesi\u00a0sisustukseen, ole yhteydess\u00e4 valaisimen suunnittelijaan Esa Vesmaseen. Kun haluat varmistaa valaisimien saatavuuden tai haluat erillisen tarjouksen useammasta valasimesta ole yhteydess\u00e4 valaisimien tuottajaan Jukka Vesmaseen.<br \/>\n<code>\u00a0<\/code><br \/>\nJos olet kiinnostunut myym\u00e4\u00e4n Finom designtuotteita ja haluat ryhty\u00e4 Finom myyntiedustajaksi tai j\u00e4lleenmyyj\u00e4ksi, kerro siit\u00e4 meille t\u00e4st\u00e4 <a href=\"http:\/\/finomlights.com\/agentorretailer\">linkist\u00e4<\/a>.<br \/>\n<code>\u00a0<\/code><\/p>\n<h2>Ota yhteytt\u00e4 suunnittelijaan<\/h2>\n<p><a href=\"http:\/\/finomlights.com\/ourteam#EsaFI\"><strong>Esa Vesmanen<\/strong><\/a><br \/>\n<strong> Pure Design Oy<\/strong><br \/>\nTelakkakatu 6, 00150 HELSINKI<br \/>\ntel. +358 40 5110802<br \/>\nemail. <a href=\"mailto:esa.vesmanen@finomlights.com\">esa.vesmanen@finomlights.com<\/a><br \/>\n<code>\u00a0<\/code><\/p>\n<h2>Ota yhteytt\u00e4 tuottajaan<\/h2>\n<p><a href=\"http:\/\/finomlights.com\/ourteam#JukkaFI\"><strong>Jukka Vesmanen<\/strong><\/a><br \/>\n<strong> Innoite Oy<\/strong><br \/>\nVaarinpiha 18, 02400 KIRKKONUMMI<br \/>\ntel. +358 50 5588633<br \/>\nemail. <a href=\"mailto:jukka.vesmanen@finomlights.com\">jukka.vesmanen@finomlights.com<\/a><\/p>\n<p><img decoding=\"async\" loading=\"lazy\" class=\"alignnone wp-image-1645 size-thumbnail\" src=\"https:\/\/finomlights.com\/wp-content\/uploads\/2018\/07\/AAA-logo-2017-FI_small-150x97.jpg\" alt=\"Tuottajan korkein luottoluokitus\" width=\"150\" height=\"97\" srcset=\"https:\/\/finomlights.com\/wp-content\/uploads\/2018\/07\/AAA-logo-2017-FI_small-150x97.jpg 150w, https:\/\/finomlights.com\/wp-content\/uploads\/2018\/07\/AAA-logo-2017-FI_small-250x162.jpg 250w, https:\/\/finomlights.com\/wp-content\/uploads\/2018\/07\/AAA-logo-2017-FI_small.jpg 294w\" sizes=\"(max-width: 150px) 100vw, 150px\" \/><img decoding=\"async\" loading=\"lazy\" class=\"alignnone wp-image-1644 size-thumbnail\" src=\"https:\/\/finomlights.com\/wp-content\/uploads\/2018\/07\/https___www.tilaajavastuu.fi_wp-content_uploads_2015_04_LK-150x63.jpg\" alt=\"Tuottaja on luotettava kumppani\" width=\"150\" height=\"63\" srcset=\"https:\/\/finomlights.com\/wp-content\/uploads\/2018\/07\/https___www.tilaajavastuu.fi_wp-content_uploads_2015_04_LK-150x63.jpg 150w, https:\/\/finomlights.com\/wp-content\/uploads\/2018\/07\/https___www.tilaajavastuu.fi_wp-content_uploads_2015_04_LK-300x126.jpg 300w, https:\/\/finomlights.com\/wp-content\/uploads\/2018\/07\/https___www.tilaajavastuu.fi_wp-content_uploads_2015_04_LK-1024x430.jpg 1024w, https:\/\/finomlights.com\/wp-content\/uploads\/2018\/07\/https___www.tilaajavastuu.fi_wp-content_uploads_2015_04_LK-1600x673.jpg 1600w, https:\/\/finomlights.com\/wp-content\/uploads\/2018\/07\/https___www.tilaajavastuu.fi_wp-content_uploads_2015_04_LK-250x105.jpg 250w, https:\/\/finomlights.com\/wp-content\/uploads\/2018\/07\/https___www.tilaajavastuu.fi_wp-content_uploads_2015_04_LK-400x168.jpg 400w\" sizes=\"(max-width: 150px) 100vw, 150px\" \/><br \/>\n<code>\u00a0<\/code><br \/>\nVoit my\u00f6s ottaa meihin yhteytt\u00e4, esitt\u00e4\u00e4 kysymyksi\u00e4, antaa kommentteja tai pyyt\u00e4\u00e4 yhteydenottoa alla olevalla lomakeella.<\/p>\n<h2>Yhteydenottolomake<\/h2>\n<div role=\"form\" class=\"wpcf7\" id=\"wpcf7-f494-o1\" lang=\"en-US\" dir=\"ltr\">\n<div class=\"screen-reader-response\"><\/div>\n<form action=\"\/fi\/wp-json\/wp\/v2\/pages\/259#wpcf7-f494-o1\" method=\"post\" class=\"wpcf7-form\" novalidate=\"novalidate\">\n<div style=\"display: none;\">\n<input type=\"hidden\" name=\"_wpcf7\" value=\"494\" \/>\n<input type=\"hidden\" name=\"_wpcf7_version\" value=\"5.1.1\" \/>\n<input type=\"hidden\" name=\"_wpcf7_locale\" value=\"en_US\" \/>\n<input type=\"hidden\" name=\"_wpcf7_unit_tag\" value=\"wpcf7-f494-o1\" \/>\n<input type=\"hidden\" name=\"_wpcf7_container_post\" value=\"0\" \/>\n<input type=\"hidden\" name=\"g-recaptcha-response\" value=\"\" \/>\n<\/div>\n<p>Nimi (pakollinen)<br \/>\n    <span class=\"wpcf7-form-control-wrap your-name\"><input type=\"text\" name=\"your-name\" value=\"\" size=\"40\" class=\"wpcf7-form-control wpcf7-text wpcf7-validates-as-required\" aria-required=\"true\" aria-invalid=\"false\" \/><\/span> <\/p>\n<p>S\u00e4hk\u00f6postiosoitteesi (pakollinen)<br \/>\n    <span class=\"wpcf7-form-control-wrap your-email\"><input type=\"email\" name=\"your-email\" value=\"\" size=\"40\" class=\"wpcf7-form-control wpcf7-text wpcf7-email wpcf7-validates-as-required wpcf7-validates-as-email\" aria-required=\"true\" aria-invalid=\"false\" \/><\/span> <\/p>\n<p>Otsikko tai aihe<br \/>\n    <span class=\"wpcf7-form-control-wrap your-subject\"><input type=\"text\" name=\"your-subject\" value=\"\" size=\"40\" class=\"wpcf7-form-control wpcf7-text\" aria-invalid=\"false\" \/><\/span> <\/p>\n<p>Viestisi meille<br \/>\n    <span class=\"wpcf7-form-control-wrap your-message\"><textarea name=\"your-message\" cols=\"40\" rows=\"10\" class=\"wpcf7-form-control wpcf7-textarea\" aria-invalid=\"false\"><\/textarea><\/span> <\/p>\n<p>[cf7sr-simple-recaptcha]<\/p>\n<p><input type=\"submit\" value=\"Send\" class=\"wpcf7-form-control wpcf7-submit\" \/><\/p>\n<p style=\"display: none !important;\"><label>&#916;<textarea name=\"_wpcf7_ak_hp_textarea\" cols=\"45\" rows=\"8\" maxlength=\"100\"><\/textarea><\/label><input type=\"hidden\" id=\"ak_js_1\" name=\"_wpcf7_ak_js\" value=\"37\"\/><script>document.getElementById( \"ak_js_1\" ).setAttribute( \"value\", ( new Date() ).getTime() );<\/script><\/p><div class=\"wpcf7-response-output wpcf7-display-none\"><\/div><\/form><\/div>\n<div id=\"spoon-plugin-kncgbdglledmjmpnikebkagnchfdehbm-2\" style=\"display: none;\"><\/div>\n","protected":false},"excerpt":{"rendered":"<p>Tarvitsetko lis\u00e4tietoja? Annamme mielell\u00e4mme lis\u00e4tietoja FINOM-valaisimesta. Mik\u00e4li haluat keskustella valaisimen sopivuudesta k\u00e4ytt\u00f6tarkoitukseesi julki- tai yksityisk\u00e4yt\u00f6ss\u00e4 tai siit\u00e4 miten se sopii kohteesi\u00a0sisustukseen, ole yhteydess\u00e4 valaisimen suunnittelijaan Esa Vesmaseen. Kun haluat varmistaa valaisimien saatavuuden tai haluat erillisen tarjouksen useammasta valasimesta ole yhteydess\u00e4 valaisimien tuottajaan Jukka Vesmaseen. \u00a0 Jos olet kiinnostunut myym\u00e4\u00e4n Finom designtuotteita ja haluat ryhty\u00e4 Finom [&hellip;]<\/p>\n","protected":false},"author":1,"featured_media":0,"parent":0,"menu_order":0,"comment_status":"closed","ping_status":"closed","template":"page-fullwidth.php","meta":{"_mi_skip_tracking":false},"_links":{"self":[{"href":"https:\/\/finomlights.com\/fi\/wp-json\/wp\/v2\/pages\/259"}],"collection":[{"href":"https:\/\/finomlights.com\/fi\/wp-json\/wp\/v2\/pages"}],"about":[{"href":"https:\/\/finomlights.com\/fi\/wp-json\/wp\/v2\/types\/page"}],"author":[{"embeddable":true,"href":"https:\/\/finomlights.com\/fi\/wp-json\/wp\/v2\/users\/1"}],"replies":[{"embeddable":true,"href":"https:\/\/finomlights.com\/fi\/wp-json\/wp\/v2\/comments?post=259"}],"version-history":[{"count":41,"href":"https:\/\/finomlights.com\/fi\/wp-json\/wp\/v2\/pages\/259\/revisions"}],"predecessor-version":[{"id":2059,"href":"https:\/\/finomlights.com\/fi\/wp-json\/wp\/v2\/pages\/259\/revisions\/2059"}],"wp:attachment":[{"href":"https:\/\/finomlights.com\/fi\/wp-json\/wp\/v2\/media?parent=259"}],"curies":[{"name":"wp","href":"https:\/\/api.w.org\/{rel}","templated":true}]}}