{"id":64,"date":"2016-03-24T06:00:29","date_gmt":"2016-03-24T06:00:29","guid":{"rendered":"http:\/\/finomlights.com\/?page_id=64"},"modified":"2021-09-19T21:47:33","modified_gmt":"2021-09-19T21:47:33","slug":"jalleenmyyjat","status":"publish","type":"page","link":"https:\/\/finomlights.com\/fi\/jalleenmyyjat\/","title":{"rendered":"J\u00e4lleenmyyj\u00e4t"},"content":{"rendered":"<h2>Yhteisty\u00f6kumppanit, j\u00e4lleenmyyj\u00e4t ja agentit<\/h2>\n<p><code> <\/code><\/p>\n<p>Finom-valaisimia saa alla esitellyilt\u00e4 j\u00e4lleenmyyjilt\u00e4 ja edustajita. Mik\u00e4li et l\u00f6yd\u00e4 sinulle sopivaa j\u00e4lleenmyyj\u00e4\u00e4 tai edustajaa, voit olla suoraan yhteydess\u00e4 meihin s\u00e4hk\u00f6postilla <a href=\"mailto:info@finomlights.com\">info@finomlights.com<\/a> tai tehd\u00e4 tilauksen verkkokaupassa <a href=\"https:\/\/designvalaisin.net\/\">https:\/\/designvalaisin.net\/<\/a><\/p>\n<p><code> <\/code><\/p>\n<h2>Kansaiv\u00e4linen j\u00e4lleenmyyj\u00e4 ja\/tai online toimittaja<\/h2>\n<p><code> <\/code><\/p>\n<h3 style=\"text-align: left;\">Finnish Design Shop<\/h3>\n<p><a href=\"https:\/\/www.finnishdesignshop.com\/Esa_Vesmanen-d-878.html\">www.finnishdesignshop.com<\/a><\/p>\n<h3><code><\/code><\/h3>\n<h3 style=\"text-align: left;\">Pamono<\/h3>\n<p><a href=\"http:\/\/www.pamono.com\">www.pamono.com<\/a><\/p>\n<h3><code><\/code><\/h3>\n<h3 style=\"text-align: left;\">Stoorla<\/h3>\n<p><a href=\"https:\/\/stoorla.fi\/collections\/finom-lights\">www.stoorla.fi<\/a><\/p>\n<h3><code><\/code><\/h3>\n<h3 style=\"text-align: left;\">It&#8217;s Thyme<\/h3>\n<p><a href=\"http:\/\/www.itsthyme.com\">www.itsthyme.com<\/a><\/p>\n<h3><code><\/code><\/h3>\n<h2>Yhteisty\u00f6kumppanimme ja j\u00e4lleenmyyj\u00e4t It\u00e4vallassa<\/h2>\n<p><code> <\/code><\/p>\n<p><span style=\"color: #23282d; font-size: 1.4em; font-weight: 600;\">Scandinavian Design House<\/span><\/p>\n<p style=\"text-align: left;\"><a href=\"http:\/\/www.scandinaviandesignhouse.at\">www.scandinaviandesignhouse.at<\/a><br \/>\nRudolfsplatz 13A<br \/>\n1010 Wien<br \/>\nT: +43(0)1 533 23 62<br \/>\n<a href=\"mailto:office@scandinavian-design-house.at\">office@scandinavian-design-house.at<\/a><\/p>\n<p><code> <\/code><\/p>\n<h2 style=\"text-align: left;\">Yhteisty\u00f6kumppannimme ja j\u00e4lleenmyyj\u00e4t<\/h2>\n<h2 style=\"text-align: left;\">Ranskassa<\/h2>\n<p><code> <\/code><\/p>\n<h3 style=\"text-align: left;\">Galerie M\u00f8bler<\/h3>\n<p><a href=\"http:\/\/www.galerie-mobler.com\">www.galerie-mobler.com<\/a><br \/>\n39 avenue de l&#8217;Europe<br \/>\n92400 Courbevoie<br \/>\n+33 6 16 17 61 31<br \/>\n+33 1 43 33 20 12<\/p>\n<p><code> <\/code><\/p>\n<h2 style=\"text-align: left;\">Yhteisty\u00f6kumppannimme ja j\u00e4lleenmyyj\u00e4t Suomessa<\/h2>\n<p><code> <\/code><\/p>\n<h3 style=\"text-align: left;\">Design Shop (Helsinki Design Museum)<\/h3>\n<p style=\"text-align: left;\"><a href=\"http:\/\/www.designmuseum.fi\/\">www.designmuseum.fi<\/a><br \/>\nKorkeavuorenkatu 23<br \/>\n00130 HELSINKI<br \/>\n+358 9 6220540<br \/>\n<a href=\"mailto:shop@designmuseum.fi\">shop@designmuseum.fi<\/a><\/p>\n<h3 style=\"text-align: left;\">formverk living<\/h3>\n<p style=\"text-align: left;\"><a href=\"http:\/\/www.formverk.com\/\">www.formverk.com<\/a><br \/>\nAnnankatu 23<br \/>\n00100 HELSINKI<br \/>\n+358 9 251 0100<br \/>\n<a href=\"mailto:info@formverkliving\">info@formverkliving.com<\/a><\/p>\n<h3 style=\"text-align: left;\">Isku Interior Oy<\/h3>\n<p style=\"text-align: left;\"><a href=\"http:\/\/www.isku.com\/\">www.isku.com<\/a><br \/>\nMukkulankatu 19<br \/>\n15101 Lahti<br \/>\n+358 29 086 3000<br \/>\n<a href=\"mailto:interior.lahti@isku.com\">interior.lahti@isku.com<\/a><\/p>\n<h3 style=\"text-align: left;\">K-rauta Lahdesj\u00e4rvi, Raumacon Oy<\/h3>\n<p style=\"text-align: left;\"><a href=\"http:\/\/www.k-rauta.fi\/kaupat\/lahdesjarvi\/\">www.k-rauta.fi\/kaupat\/lahdesjarvi<\/a><br \/>\nLepp\u00e4stensuonkatu 2<br \/>\n33840 TAMPERE<br \/>\n+358 44 4700 500<br \/>\n<a href=\"mailto:info@formverkliving\">info@formverkliving.com<\/a><\/p>\n<h3 style=\"text-align: left;\">Sisustusliike Tyyli<\/h3>\n<p style=\"text-align: left;\"><a href=\"http:\/\/www.tyylisisustus.fi\">www.tyylisisustus.fi<\/a><br \/>\nHallituskatu 22<br \/>\n13100 H\u00c4MEENLINNA<br \/>\n+358 44 9700303<br \/>\n<a href=\"mailto:info@tyylisisustus.fi\">info@tyylisisustus.fi<\/a><\/p>\n<h3 style=\"text-align: left;\">Koti-Kalustamo<\/h3>\n<p style=\"text-align: left;\"><a href=\"http:\/\/www.kotikalustamo.fi\/\">www.kotikalustamo.fi<\/a><br \/>\nTaninkatu 6<br \/>\n33400 TAMPERE<br \/>\n+358 3 347 8200<br \/>\n<a href=\"mailto:kotikalustamo@kotikalustamo.fi\">kotikalustamo@kotikalustamo.fi<\/a><\/p>\n<h3 style=\"text-align: left;\">Sisustus ID<\/h3>\n<p style=\"text-align: left;\"><a href=\"http:\/\/www.sisustusid.fi\">www.sisustusid.fi<\/a><br \/>\nAleksis Kiven katu 13<br \/>\n33200 TAMPERE<br \/>\n+358 3 212 2146<br \/>\n<a href=\"mailto:id@sisustusid.fi\">id@sisustusid.fi<\/a><\/p>\n<p><code> <\/code><\/p>\n<h2 style=\"text-align: left;\">Yhteisty\u00f6kumppanimme ja j\u00e4lleenmyyj\u00e4t Saksassa<\/h2>\n<p><code> <\/code><\/p>\n<h3 style=\"text-align: left;\">Fleiner M\u00f6bel<\/h3>\n<p style=\"text-align: left;\"><a href=\"https:\/\/architare.de\/de\/showrooms\/fleiner-moebel-stuttgart\">www.architare.de\/de\/showrooms\/fleiner-moebel-stuttgart<\/a><br \/>\nStresemannstra\u00dfe 1<br \/>\n70192 Stuttgart<br \/>\n+49 711 63500<br \/>\n<a href=\"mailto:fleiner@architare.de\">fleiner@architare.de<\/a><\/p>\n<h3 style=\"text-align: left;\">Trollhus<\/h3>\n<p style=\"text-align: left;\"><a href=\"http:\/\/www.trollhus.de\">www.trollhus.de<\/a><br \/>\nKantstr. 17 \/ Ecke Uhlandstrasse<br \/>\nim stilwerk, 1. OG<br \/>\n10623 Berlin<br \/>\n+49 30 31515 460<br \/>\n<a href=\"mailto:info@trollhus.de\">info@trollhus.de<\/a><\/p>\n<p><code> <\/code><\/p>\n<h2 style=\"text-align: left;\">Yhteisty\u00f6kumppanimme ja j\u00e4lleenmyyj\u00e4t Yhdysvalloissa<\/h2>\n<p><code> <\/code><\/p>\n<h3 style=\"text-align: left;\">JANGEORGe<\/h3>\n<p style=\"text-align: left;\"><strong>Sag Harbor.<\/strong><br \/>\nJANGEORGe Interiors &#038; Furniture Sag Harbor<br \/>\n17 Madison Street #1619<br \/>\nSag Harbor, NY 11963<br \/>\nPhone: 631.899.4848<br \/>\n<a href=\"mailto:sagharbor@jangeorge.com\">sagharbor@jangeorge.com<\/a><br \/>\n<a href=\"http:\/\/www.jangeorge.com\">www.jangeorge.com<\/a><br \/>\n<strong><br \/>\nPalm Beach.<\/strong><br \/>\nJANGEORGe Interiors &#038; Furniture Palm Beach<br \/>\n106 N County Road<br \/>\nPalm Beach, FL 33480<br \/>\nPhone: 561.900.7050<br \/>\n<a href=\"mailto:palmbeach@jangeorge.com\">palmbeach@jangeorge.com<\/a><br \/>\n<a href=\"http:\/\/www.jangeorge.com\">www.jangeorge.com<\/a><\/p>\n<p><strong>Miami HQ.<\/strong><br \/>\nJANGEORGe Interiors &#038; Furniture HQ<br \/>\n3326 Mary Street #402<br \/>\nMiami, FL 33133<br \/>\nPhone: 305.393.8740<br \/>\n<a href=\"mailto:miami@jangeorge.com\">miami@jangeorge.com<\/a><br \/>\n<a href=\"http:\/\/www.jangeorge.com\">www.jangeorge.com<\/a><\/p>\n<h3 style=\"text-align: left;\">Calger Lighting, Inc.<\/h3>\n<p style=\"text-align: left;\">200 Lexington Ave, Suite 434<br \/>\nNew York, NY 10016<br \/>\n212-689-9511<br \/>\n<a href=\"mailto:sales@calgerlighting.com\">sales@calgerlighting.com<\/a><\/p>\n<p style=\"text-align: left;\"><code> <\/code><code> <\/code><\/p>\n<h2 style=\"text-align: left;\">Finom lights agentit ja edustajat<\/h2>\n<p><code> <\/code><\/p>\n<h3 style=\"text-align: left;\">Edustajamme ja yhteisty\u00f6kumppanimme Saksassa<\/h3>\n<p style=\"text-align: left;\">Ms Nicole Fendel, phone +49 173 3857819<\/p>\n<h3 style=\"text-align: left;\">Edustajamme ja yhteisty\u00f6kumppanimme It\u00e4vallassa<\/h3>\n<p style=\"text-align: left;\">Ms Raija Griessler,\u00a0phone +358 405163992<\/p>\n<h3 style=\"text-align: left;\">Edustajamme ja yhteisty\u00f6kumppanimme Yhdysvalloissa<\/h3>\n<p style=\"text-align: left;\">Ms Ulla Lange, phone +358 44 022 2297<\/p>\n<p><code><\/code><\/p>\n<p><code><\/code><\/p>\n<p><code><\/code><\/p>\n<h2>Muut yhteystiedot<\/h2>\n<p>Lue lis\u00e4\u00e4 <a href=\"https:\/\/finomlights.com\/ourteam\/\">meid\u00e4n ydintiimist\u00e4<\/a><\/p>\n<p>Tarkemmat <a href=\"https:\/\/finomlights.com\/ourteam\/\">yhteystiedot<\/a><\/p>\n","protected":false},"excerpt":{"rendered":"<p>Yhteisty\u00f6kumppanit, j\u00e4lleenmyyj\u00e4t ja agentit Finom-valaisimia saa alla esitellyilt\u00e4 j\u00e4lleenmyyjilt\u00e4 ja edustajita. Mik\u00e4li et l\u00f6yd\u00e4 sinulle sopivaa j\u00e4lleenmyyj\u00e4\u00e4 tai edustajaa, voit olla suoraan yhteydess\u00e4 meihin s\u00e4hk\u00f6postilla info@finomlights.com tai tehd\u00e4 tilauksen verkkokaupassa https:\/\/designvalaisin.net\/ Kansaiv\u00e4linen j\u00e4lleenmyyj\u00e4 ja\/tai online toimittaja Finnish Design Shop www.finnishdesignshop.com Pamono www.pamono.com Stoorla www.stoorla.fi It&#8217;s Thyme www.itsthyme.com Yhteisty\u00f6kumppanimme ja j\u00e4lleenmyyj\u00e4t It\u00e4vallassa Scandinavian Design House www.scandinaviandesignhouse.at [&hellip;]<\/p>\n","protected":false},"author":1,"featured_media":349,"parent":0,"menu_order":0,"comment_status":"closed","ping_status":"closed","template":"page-fullwidth.php","meta":{"_mi_skip_tracking":false},"_links":{"self":[{"href":"https:\/\/finomlights.com\/fi\/wp-json\/wp\/v2\/pages\/64"}],"collection":[{"href":"https:\/\/finomlights.com\/fi\/wp-json\/wp\/v2\/pages"}],"about":[{"href":"https:\/\/finomlights.com\/fi\/wp-json\/wp\/v2\/types\/page"}],"author":[{"embeddable":true,"href":"https:\/\/finomlights.com\/fi\/wp-json\/wp\/v2\/users\/1"}],"replies":[{"embeddable":true,"href":"https:\/\/finomlights.com\/fi\/wp-json\/wp\/v2\/comments?post=64"}],"version-history":[{"count":115,"href":"https:\/\/finomlights.com\/fi\/wp-json\/wp\/v2\/pages\/64\/revisions"}],"predecessor-version":[{"id":2590,"href":"https:\/\/finomlights.com\/fi\/wp-json\/wp\/v2\/pages\/64\/revisions\/2590"}],"wp:featuredmedia":[{"embeddable":true,"href":"https:\/\/finomlights.com\/fi\/wp-json\/wp\/v2\/media\/349"}],"wp:attachment":[{"href":"https:\/\/finomlights.com\/fi\/wp-json\/wp\/v2\/media?parent=64"}],"curies":[{"name":"wp","href":"https:\/\/api.w.org\/{rel}","templated":true}]}}