{"id":853,"date":"2017-03-05T20:56:17","date_gmt":"2017-03-05T20:56:17","guid":{"rendered":"http:\/\/finomlights.com\/?page_id=853"},"modified":"2018-12-29T09:34:10","modified_gmt":"2018-12-29T09:34:10","slug":"agentorretailer","status":"publish","type":"page","link":"https:\/\/finomlights.com\/fi\/agentorretailer\/","title":{"rendered":"Oletko kiinnostunut myym\u00e4\u00e4n upeita Finom tuotteita? Haluatko myyntiedustajaksi tai j\u00e4lleenmyyj\u00e4ksi?"},"content":{"rendered":"<h1>Haluatko agentiksi tai j\u00e4lleenmyyj\u00e4ksi?<\/h1>\n<p>Mik\u00e4li olet kiinnostunut myym\u00e4\u00e4n Finom designtuotteita, toimimaan myyntiedustajanamme tai j\u00e4lleenmyyj\u00e4n\u00e4 omalla alueellasi? T\u00e4yt\u00e4 alla oleva hakulomake ja olemme sinuun yhteydess\u00e4 mahdollisista yhteisty\u00f6muodoista ja toimintaperiaatteista.<\/p>\n<h2>Haluatko lis\u00e4tietoa?<\/h2>\n<p><strong>Olen kiinnostunut mahdollisuudesta Finom myyntiedustajaksi tai j\u00e4lleenmyyj\u00e4ksi, ottakaa yhteys&#8230;<\/strong><\/p>\n<div role=\"form\" class=\"wpcf7\" id=\"wpcf7-f868-o1\" lang=\"en-US\" dir=\"ltr\">\n<div class=\"screen-reader-response\"><\/div>\n<form action=\"\/fi\/wp-json\/wp\/v2\/pages\/853#wpcf7-f868-o1\" method=\"post\" class=\"wpcf7-form\" novalidate=\"novalidate\">\n<div style=\"display: none;\">\n<input type=\"hidden\" name=\"_wpcf7\" value=\"868\" \/>\n<input type=\"hidden\" name=\"_wpcf7_version\" value=\"5.1.1\" \/>\n<input type=\"hidden\" name=\"_wpcf7_locale\" value=\"en_US\" \/>\n<input type=\"hidden\" name=\"_wpcf7_unit_tag\" value=\"wpcf7-f868-o1\" \/>\n<input type=\"hidden\" name=\"_wpcf7_container_post\" value=\"0\" \/>\n<input type=\"hidden\" name=\"g-recaptcha-response\" value=\"\" \/>\n<\/div>\n<p>Nimesi (pakollinen)<br \/>\n    <span class=\"wpcf7-form-control-wrap your-name\"><input type=\"text\" name=\"your-name\" value=\"\" size=\"40\" class=\"wpcf7-form-control wpcf7-text wpcf7-validates-as-required\" aria-required=\"true\" aria-invalid=\"false\" \/><\/span> <\/p>\n<p><span class=\"wpcf7-form-control-wrap checkbox-673\"><span class=\"wpcf7-form-control wpcf7-checkbox wpcf7-validates-as-required\"><span class=\"wpcf7-list-item first\"><input type=\"checkbox\" name=\"checkbox-673[]\" value=\"Haluan myyntiedustajaksi\" \/><span class=\"wpcf7-list-item-label\">Haluan myyntiedustajaksi<\/span><\/span><span class=\"wpcf7-list-item last\"><input type=\"checkbox\" name=\"checkbox-673[]\" value=\"Haluan j\u00e4lleenmyyj\u00e4ksi\" \/><span class=\"wpcf7-list-item-label\">Haluan j\u00e4lleenmyyj\u00e4ksi<\/span><\/span><\/span><\/span><\/p>\n<p>Yrityksesi nimi<br \/>\n    <span class=\"wpcf7-form-control-wrap your-company-name\"><input type=\"text\" name=\"your-company-name\" value=\"\" size=\"40\" class=\"wpcf7-form-control wpcf7-text\" aria-invalid=\"false\" \/><\/span> <\/p>\n<p>Katuosoite (pakollinen)<br \/>\n    <span class=\"wpcf7-form-control-wrap street-address\"><input type=\"text\" name=\"street-address\" value=\"\" size=\"40\" class=\"wpcf7-form-control wpcf7-text wpcf7-validates-as-required\" aria-required=\"true\" aria-invalid=\"false\" \/><\/span> <\/p>\n<p>Katuosoite 2<br \/>\n    <span class=\"wpcf7-form-control-wrap street-address2\"><input type=\"text\" name=\"street-address2\" value=\"\" size=\"40\" class=\"wpcf7-form-control wpcf7-text\" aria-invalid=\"false\" \/><\/span> <\/p>\n<p>Postinumero (pakollinen)<br \/>\n    <span class=\"wpcf7-form-control-wrap zip-code\"><input type=\"text\" name=\"zip-code\" value=\"\" size=\"40\" class=\"wpcf7-form-control wpcf7-text wpcf7-validates-as-required\" aria-required=\"true\" aria-invalid=\"false\" \/><\/span> <\/p>\n<p>Postiosoite (pakollinen)<br \/>\n    <span class=\"wpcf7-form-control-wrap postal-address\"><input type=\"text\" name=\"postal-address\" value=\"\" size=\"40\" class=\"wpcf7-form-control wpcf7-text wpcf7-validates-as-required\" aria-required=\"true\" aria-invalid=\"false\" \/><\/span> <\/p>\n<p>Maa (pakollinen)<br \/>\n    <span class=\"wpcf7-form-control-wrap country\"><input type=\"text\" name=\"country\" value=\"\" size=\"40\" class=\"wpcf7-form-control wpcf7-text wpcf7-validates-as-required\" aria-required=\"true\" aria-invalid=\"false\" \/><\/span> <\/p>\n<p>S\u00e4hk\u00f6posti (pakollinen)<br \/>\n    <span class=\"wpcf7-form-control-wrap your-email\"><input type=\"email\" name=\"your-email\" value=\"\" size=\"40\" class=\"wpcf7-form-control wpcf7-text wpcf7-email wpcf7-validates-as-required wpcf7-validates-as-email\" aria-required=\"true\" aria-invalid=\"false\" \/><\/span> <\/p>\n<p>Verkkosivuosoite<br \/>\n<span class=\"wpcf7-form-control-wrap url-689\"><input type=\"url\" name=\"url-689\" value=\"\" size=\"40\" class=\"wpcf7-form-control wpcf7-text wpcf7-url wpcf7-validates-as-url\" aria-invalid=\"false\" \/><\/span><\/p>\n<p>Mist\u00e4 olet olet l\u00f6yt\u00e4nyt meid\u00e4t ja Finom valaisimet?<br \/>\n    <span class=\"wpcf7-form-control-wrap your-message\"><textarea name=\"your-message\" cols=\"40\" rows=\"10\" class=\"wpcf7-form-control wpcf7-textarea\" aria-invalid=\"false\"><\/textarea><\/span> <\/p>\n<p>[cf7sr-simple-recaptcha]<\/p>\n<p><input type=\"submit\" value=\"L\u00e4het\u00e4\" class=\"wpcf7-form-control wpcf7-submit\" \/><\/p>\n<p style=\"display: none !important;\"><label>&#916;<textarea name=\"_wpcf7_ak_hp_textarea\" cols=\"45\" rows=\"8\" maxlength=\"100\"><\/textarea><\/label><input type=\"hidden\" id=\"ak_js_1\" name=\"_wpcf7_ak_js\" value=\"172\"\/><script>document.getElementById( \"ak_js_1\" ).setAttribute( \"value\", ( new Date() ).getTime() );<\/script><\/p><div class=\"wpcf7-response-output wpcf7-display-none\"><\/div><\/form><\/div>\n<div id=\"spoon-plugin-kncgbdglledmjmpnikebkagnchfdehbm-2\" style=\"display: none;\"><\/div>\n<p><code> <\/code><\/p>\n<h2>Muut yhteystiedot<\/h2>\n<p>Lue lis\u00e4\u00e4 <a href=\"https:\/\/finomlights.com\/ourteam\/\">meid\u00e4n ydintiimist\u00e4<\/a><\/p>\n<p>Tarkemmat <a href=\"https:\/\/finomlights.com\/ourteam\/\">yhteystiedot<\/a><\/p>\n","protected":false},"excerpt":{"rendered":"<p>Haluatko agentiksi tai j\u00e4lleenmyyj\u00e4ksi? Mik\u00e4li olet kiinnostunut myym\u00e4\u00e4n Finom designtuotteita, toimimaan myyntiedustajanamme tai j\u00e4lleenmyyj\u00e4n\u00e4 omalla alueellasi? T\u00e4yt\u00e4 alla oleva hakulomake ja olemme sinuun yhteydess\u00e4 mahdollisista yhteisty\u00f6muodoista ja toimintaperiaatteista. Haluatko lis\u00e4tietoa? Olen kiinnostunut mahdollisuudesta Finom myyntiedustajaksi tai j\u00e4lleenmyyj\u00e4ksi, ottakaa yhteys&#8230; Muut yhteystiedot Lue lis\u00e4\u00e4 meid\u00e4n ydintiimist\u00e4 Tarkemmat yhteystiedot<\/p>\n","protected":false},"author":1,"featured_media":0,"parent":0,"menu_order":0,"comment_status":"closed","ping_status":"closed","template":"","meta":{"_mi_skip_tracking":false},"_links":{"self":[{"href":"https:\/\/finomlights.com\/fi\/wp-json\/wp\/v2\/pages\/853"}],"collection":[{"href":"https:\/\/finomlights.com\/fi\/wp-json\/wp\/v2\/pages"}],"about":[{"href":"https:\/\/finomlights.com\/fi\/wp-json\/wp\/v2\/types\/page"}],"author":[{"embeddable":true,"href":"https:\/\/finomlights.com\/fi\/wp-json\/wp\/v2\/users\/1"}],"replies":[{"embeddable":true,"href":"https:\/\/finomlights.com\/fi\/wp-json\/wp\/v2\/comments?post=853"}],"version-history":[{"count":19,"href":"https:\/\/finomlights.com\/fi\/wp-json\/wp\/v2\/pages\/853\/revisions"}],"predecessor-version":[{"id":2066,"href":"https:\/\/finomlights.com\/fi\/wp-json\/wp\/v2\/pages\/853\/revisions\/2066"}],"wp:attachment":[{"href":"https:\/\/finomlights.com\/fi\/wp-json\/wp\/v2\/media?parent=853"}],"curies":[{"name":"wp","href":"https:\/\/api.w.org\/{rel}","templated":true}]}}